{"id":97,"date":"2023-04-04T23:22:35","date_gmt":"2023-04-04T23:22:35","guid":{"rendered":"https:\/\/cafe-merlinos.de\/?page_id=97"},"modified":"2023-08-23T07:18:25","modified_gmt":"2023-08-23T07:18:25","slug":"events","status":"publish","type":"page","link":"https:\/\/cafe-merlinos.de\/?page_id=97","title":{"rendered":"Events"},"content":{"rendered":"<div id='layer_slider_1'  class='avia-layerslider main_color avia-shadow  avia-builder-el-0  el_before_av_one_third  avia-builder-el-first  container_wrap sidebar_right' style='  height: 461px;' ><\/div><div id='after_layer_slider_1'  class='main_color av_default_container_wrap container_wrap sidebar_right' style=' '  ><div class='container' ><div class='template-page content  av-content-small alpha units'><div class='post-entry post-entry-type-page post-entry-97'><div class='entry-content-wrapper clearfix'>\n<div class=\"flex_column av_one_third  flex_column_div av-zero-column-padding first  avia-builder-el-1  el_after_av_layerslider  el_before_av_two_third  avia-builder-el-first  \" style='border-radius:0px; '><div  class='avia-image-container avia_animated_image avia_animate_when_almost_visible left-to-right av-styling-    avia-builder-el-2  avia-builder-el-no-sibling  avia-align-center '  itemprop=\"image\" itemscope=\"itemscope\" itemtype=\"https:\/\/schema.org\/ImageObject\"  ><div class='avia-image-container-inner'><div class='avia-image-overlay-wrap'><img loading=\"lazy\" decoding=\"async\" class='wp-image-168 avia_image' src=\"https:\/\/cafe-merlinos.de\/wp-content\/uploads\/Rostbratwurst5730826bf2da9_600x600-300x200.jpg\" alt='' title='' height=\"200\" width=\"300\"  itemprop=\"thumbnailUrl\" srcset=\"https:\/\/cafe-merlinos.de\/wp-content\/uploads\/Rostbratwurst5730826bf2da9_600x600-300x200.jpg 300w, https:\/\/cafe-merlinos.de\/wp-content\/uploads\/Rostbratwurst5730826bf2da9_600x600.jpg 600w\" sizes=\"auto, (max-width: 300px) 100vw, 300px\" \/><\/div><\/div><\/div><\/div><div class=\"flex_column av_two_third  flex_column_div av-zero-column-padding   avia-builder-el-3  el_after_av_one_third  avia-builder-el-last  \" style='border-radius:0px; '><section class=\"av_textblock_section \"  itemscope=\"itemscope\" itemtype=\"https:\/\/schema.org\/CreativeWork\" ><div class='avia_textblock  '   itemprop=\"text\" ><p>Unsere aktuellen Angebote und Events h\u00e4ngen in der Klinik aus. Je nach Witterung und aktuellen W\u00fcnschen zaubern wir Events f\u00fcr Euch aus dem Hut.<br \/>\nVor dem Restaurant der Eleonoren-Klinik, befindet sich ein schwarzes Brett mit Informationen \u00fcber aktuelle Veranstaltungen.<\/p>\n<p style=\"text-align: center;\">\n<\/div><\/section><\/div><\/p>\n","protected":false},"excerpt":{"rendered":"","protected":false},"author":2,"featured_media":0,"parent":0,"menu_order":0,"comment_status":"closed","ping_status":"closed","template":"","meta":{"footnotes":""},"class_list":["post-97","page","type-page","status-publish","hentry"],"_links":{"self":[{"href":"https:\/\/cafe-merlinos.de\/index.php?rest_route=\/wp\/v2\/pages\/97","targetHints":{"allow":["GET"]}}],"collection":[{"href":"https:\/\/cafe-merlinos.de\/index.php?rest_route=\/wp\/v2\/pages"}],"about":[{"href":"https:\/\/cafe-merlinos.de\/index.php?rest_route=\/wp\/v2\/types\/page"}],"author":[{"embeddable":true,"href":"https:\/\/cafe-merlinos.de\/index.php?rest_route=\/wp\/v2\/users\/2"}],"replies":[{"embeddable":true,"href":"https:\/\/cafe-merlinos.de\/index.php?rest_route=%2Fwp%2Fv2%2Fcomments&post=97"}],"version-history":[{"count":8,"href":"https:\/\/cafe-merlinos.de\/index.php?rest_route=\/wp\/v2\/pages\/97\/revisions"}],"predecessor-version":[{"id":214,"href":"https:\/\/cafe-merlinos.de\/index.php?rest_route=\/wp\/v2\/pages\/97\/revisions\/214"}],"wp:attachment":[{"href":"https:\/\/cafe-merlinos.de\/index.php?rest_route=%2Fwp%2Fv2%2Fmedia&parent=97"}],"curies":[{"name":"wp","href":"https:\/\/api.w.org\/{rel}","templated":true}]}}