{"id":91,"date":"2023-04-04T23:20:04","date_gmt":"2023-04-04T23:20:04","guid":{"rendered":"https:\/\/cafe-merlinos.de\/?page_id=91"},"modified":"2024-12-01T12:04:36","modified_gmt":"2024-12-01T12:04:36","slug":"waschmaschinen-trockner","status":"publish","type":"page","link":"https:\/\/cafe-merlinos.de\/?page_id=91","title":{"rendered":"Waschmaschinen &#038; Trockner"},"content":{"rendered":"<div id='layer_slider_1'  class='avia-layerslider main_color avia-shadow  avia-builder-el-0  el_before_av_layout_row  avia-builder-el-first  container_wrap sidebar_right' style='  height: 461px;' ><\/div>\n<div id='av-layout-grid-1'  class='av-layout-grid-container entry-content-wrapper main_color av-flex-cells     avia-builder-el-1  el_after_av_layerslider  avia-builder-el-last  submenu-not-first container_wrap sidebar_right' style=' '  >\n<div class=\"flex_cell no_margin av_one_half  avia-builder-el-2  el_before_av_cell_one_half  avia-builder-el-first   \"  style='vertical-align:top; padding:60px 30px 60px 100px ; ' ><div class='flex_cell_inner' ><section class=\"av_textblock_section \"  itemscope=\"itemscope\" itemtype=\"https:\/\/schema.org\/CreativeWork\" ><div class='avia_textblock  '   itemprop=\"text\" ><p>F\u00fcr Besucher und Patienten der Eleonoren-Klinik bietet das Caf\u00e9\/Bistro einen Waschraum mit Waschmaschinen und W\u00e4schetrockner an.<br \/>\nDie Ger\u00e4te werden mit Wertmarken betrieben und k\u00f6nnen im Caf\u00e9\/Bistro erworben werden, ebenso Waschmittel und W\u00e4sched\u00fcfte.<br \/>\nDer W\u00e4scheraum befindet sich im Haupthaus im 2. OG. Das Caf\u00e9\/Bistro befindet sich im Landhaus der Eleonoren-Klinik.<br \/>\nWeitere Informationen sind dort gerne erh\u00e4ltlich.<\/p>\n<\/div><\/section>\n<\/div><\/div><div class=\"flex_cell no_margin av_one_half  avia-builder-el-4  el_after_av_cell_one_half  avia-builder-el-last   \"  style='vertical-align:top; padding:60px 30px 60px 0px ; ' ><div class='flex_cell_inner' ><section class=\"av_textblock_section \"  itemscope=\"itemscope\" itemtype=\"https:\/\/schema.org\/CreativeWork\" ><div class='avia_textblock  '   itemprop=\"text\" ><p style=\"text-align: center;\"><strong>Geb\u00fchren W\u00e4scheraum:<\/strong><\/p>\n<p style=\"text-align: center;\">Wertmarke Waschmaschine 4 \u20ac<\/p>\n<p style=\"text-align: center;\">Wertmarke Trockner 4 \u20ac<\/p>\n<p style=\"text-align: center;\">Waschmittel pro Waschgang 0,50 \u20ac<\/p>\n<\/div><\/section>\n<\/div><\/div><\/div>\n","protected":false},"excerpt":{"rendered":"","protected":false},"author":1,"featured_media":0,"parent":0,"menu_order":0,"comment_status":"closed","ping_status":"closed","template":"","meta":{"footnotes":""},"class_list":["post-91","page","type-page","status-publish","hentry"],"_links":{"self":[{"href":"https:\/\/cafe-merlinos.de\/index.php?rest_route=\/wp\/v2\/pages\/91","targetHints":{"allow":["GET"]}}],"collection":[{"href":"https:\/\/cafe-merlinos.de\/index.php?rest_route=\/wp\/v2\/pages"}],"about":[{"href":"https:\/\/cafe-merlinos.de\/index.php?rest_route=\/wp\/v2\/types\/page"}],"author":[{"embeddable":true,"href":"https:\/\/cafe-merlinos.de\/index.php?rest_route=\/wp\/v2\/users\/1"}],"replies":[{"embeddable":true,"href":"https:\/\/cafe-merlinos.de\/index.php?rest_route=%2Fwp%2Fv2%2Fcomments&post=91"}],"version-history":[{"count":15,"href":"https:\/\/cafe-merlinos.de\/index.php?rest_route=\/wp\/v2\/pages\/91\/revisions"}],"predecessor-version":[{"id":235,"href":"https:\/\/cafe-merlinos.de\/index.php?rest_route=\/wp\/v2\/pages\/91\/revisions\/235"}],"wp:attachment":[{"href":"https:\/\/cafe-merlinos.de\/index.php?rest_route=%2Fwp%2Fv2%2Fmedia&parent=91"}],"curies":[{"name":"wp","href":"https:\/\/api.w.org\/{rel}","templated":true}]}}