{"id":86,"date":"2023-04-04T10:15:53","date_gmt":"2023-04-04T10:15:53","guid":{"rendered":"https:\/\/cafe-merlinos.de\/?page_id=86"},"modified":"2024-12-01T11:56:11","modified_gmt":"2024-12-01T11:56:11","slug":"angebot-fuer-patienten","status":"publish","type":"page","link":"https:\/\/cafe-merlinos.de\/?page_id=86","title":{"rendered":"Angebote f\u00fcr Patienten"},"content":{"rendered":"<div id='layer_slider_1'  class='avia-layerslider main_color avia-shadow  avia-builder-el-0  el_before_av_three_fourth  avia-builder-el-first  container_wrap sidebar_right' style='  height: 461px;' ><\/div><div id='after_layer_slider_1'  class='main_color av_default_container_wrap container_wrap sidebar_right' style=' '  ><div class='container' ><div class='template-page content  av-content-small alpha units'><div class='post-entry post-entry-type-page post-entry-86'><div class='entry-content-wrapper clearfix'>\n<div class=\"flex_column av_three_fourth  flex_column_div first  avia-builder-el-1  el_after_av_layerslider  el_before_av_one_fourth  avia-builder-el-first  \" style='padding:0px 0px 30px 0px ; border-radius:0px; '><section class=\"av_textblock_section \"  itemscope=\"itemscope\" itemtype=\"https:\/\/schema.org\/CreativeWork\" ><div class='avia_textblock  '   itemprop=\"text\" ><p><strong>Green Cola (Diabetiker geeignet)<\/strong><\/p>\n<p>Wie unterscheidet sich Green Cola?<\/p>\n<p>GREEN COLA hat in den vergangenen f\u00fcnf Jahren einen wachsenden Bekanntheitsgrad im Bereich gesundheitsbewussterer Softdrinkalternativen aufbauen k\u00f6nnen. Unser Sortiment, das mit unserem Klassiker- der GREEN COLA- begann, wurde im Laufe der Jahre stets weiterentwickelt und ausgebaut, so dass wir inzwischen eine Vielzahl an GREEN Produkten anbieten k\u00f6nnen. F\u00fcr alle Menschen, die zuckerhaltige Erfrischungsgetr\u00e4nke durch eine k\u00f6stliche Alternative ersetzen m\u00f6chten, sind die Produkte von Green Cola die perfekte Wahl. So unterst\u00fctzten sie bei DIABETES, k\u00f6nnen Bestandteil einer KETOGENEN DI\u00c4T sein, sind GLUTENFREI und nat\u00fcrlich LOW CARB. Unsere Green Flavours enthalten bis zu 10% Fruchtsaft und gerade Sorten wie unsere leckere GREEN SOUR CHERRY, ein Softdrink mit Kirsch- geschmack sind einzigartig auf dem deutschen Markt. Im Jahr 2021 brachten wir in Deutschland auch unser GREEN TONIC WATER auf den Markt, das die einzige kalorienfreie Tonic-Alternative ohne Aspartam darstellt.<\/p>\n<p><strong>Green Cola enth\u00e4lt:<\/strong><\/p>\n<p>0% Zucker, 0% Aspartame, 0% Phosphors\u00e4ure, 0% Konservierungsstoffe, 0% NatriumCyclamat, 0% Acesulfam K<\/p>\n<p>Nat\u00fcrliche Aromen, Nat\u00fcrliches Koffein aus gr\u00fcnen Kaffeebohnen, Nat\u00fcrliche S\u00fc\u00dfstoffe aus der Stevia Pflanze<\/p>\n<\/div><\/section><\/div>\n<div class=\"flex_column av_one_fourth  flex_column_div   avia-builder-el-3  el_after_av_three_fourth  el_before_av_textblock  \" style='padding:100px 0px 0px 0px ; border-radius:0px; '><div  class='avia-image-container avia_animated_image avia_animate_when_almost_visible av-rotateIn av-styling-    avia-builder-el-4  avia-builder-el-no-sibling  avia-align-center '  itemprop=\"image\" itemscope=\"itemscope\" itemtype=\"https:\/\/schema.org\/ImageObject\"  ><div class='avia-image-container-inner'><div class='avia-image-overlay-wrap'><img loading=\"lazy\" decoding=\"async\" class='wp-image-144 avia_image' src=\"https:\/\/cafe-merlinos.de\/wp-content\/uploads\/greenc.jpg\" alt='' title='' height=\"176\" width=\"287\"  itemprop=\"thumbnailUrl\"  \/><\/div><\/div><\/div><\/div>\n<section class=\"av_textblock_section \"  itemscope=\"itemscope\" itemtype=\"https:\/\/schema.org\/CreativeWork\" ><div class='avia_textblock  '   itemprop=\"text\" ><p style=\"text-align: center;\"><strong>Weiterer Angebote f\u00fcr Patienten und Besucher:<\/strong><\/p>\n<\/div><\/section>\n<div class=\"flex_column av_one_third  flex_column_div av-zero-column-padding first  avia-builder-el-6  el_after_av_textblock  el_before_av_one_third  column-top-margin\" style='border-radius:0px; '><section class=\"av_textblock_section \"  itemscope=\"itemscope\" itemtype=\"https:\/\/schema.org\/CreativeWork\" ><div class='avia_textblock  '   itemprop=\"text\" ><p>Hei\u00dfgetr\u00e4nke<\/p>\n<p>Softdrinks<\/p>\n<p>Apfelwein der K\u00e4lterei Kr\u00e4mer<\/p>\n<p>Wechselnde Wein und Bierauswahl<\/p>\n<p>Energy Drinks<\/p>\n<p>Alkoholfreie Biere<\/p>\n<p>Tabakwaren<\/p>\n<p>Kuchenst\u00fccke vom B\u00e4cker<\/p>\n<\/div><\/section><\/div><div class=\"flex_column av_one_third  flex_column_div av-zero-column-padding   avia-builder-el-8  el_after_av_one_third  el_before_av_one_third  column-top-margin\" style='border-radius:0px; '><section class=\"av_textblock_section \"  itemscope=\"itemscope\" itemtype=\"https:\/\/schema.org\/CreativeWork\" ><div class='avia_textblock  '   itemprop=\"text\" ><p>Tortenst\u00fccke vom B\u00e4cker<\/p>\n<p>Eis vom Bauernhof Rettig aus Breitenwiesen<\/p>\n<p>Rindswurst mit Bauernbrot<\/p>\n<p>Schokoriegel und S\u00fc\u00dfwaren<\/p>\n<p>Verpackte Wurstwaren \/ Ideal als Erg\u00e4nzung zum Abendessen<\/p>\n<\/div><\/section><\/div><div class=\"flex_column av_one_third  flex_column_div av-zero-column-padding   avia-builder-el-10  el_after_av_one_third  avia-builder-el-last  column-top-margin\" style='border-radius:0px; '><section class=\"av_textblock_section \"  itemscope=\"itemscope\" itemtype=\"https:\/\/schema.org\/CreativeWork\" ><div class='avia_textblock  '   itemprop=\"text\" ><p>Tritan-Trinkflaschen f\u00fcr den Wasser-Automaten<\/p>\n<p>Klinik-Kochbuch mit Rezepten aus der Lehrk\u00fcche<\/p>\n<p>Kleine Auswahl an Zeitschriften<\/p>\n<p>Postkarten und Briefmarken<\/p>\n<p>Hygieneartikel f\u00fcr jeden Bedarf<\/p>\n<p>Mini-Golf<\/p>\n<p>Wertmarken f\u00fcr die Waschmaschine &#038; Waschmittel<\/p>\n<p>Wertmarke f\u00fcr den Trockner<\/p>\n<p>Verschiedene Veranstaltungen und Grillabende<\/p>\n<p>Verpflegungsautomaten in der B\u00fccherei und im Aufenthaltsraum<\/p>\n<\/div><\/section><\/div><\/p>\n","protected":false},"excerpt":{"rendered":"","protected":false},"author":1,"featured_media":0,"parent":0,"menu_order":0,"comment_status":"closed","ping_status":"closed","template":"","meta":{"footnotes":""},"class_list":["post-86","page","type-page","status-publish","hentry"],"_links":{"self":[{"href":"https:\/\/cafe-merlinos.de\/index.php?rest_route=\/wp\/v2\/pages\/86","targetHints":{"allow":["GET"]}}],"collection":[{"href":"https:\/\/cafe-merlinos.de\/index.php?rest_route=\/wp\/v2\/pages"}],"about":[{"href":"https:\/\/cafe-merlinos.de\/index.php?rest_route=\/wp\/v2\/types\/page"}],"author":[{"embeddable":true,"href":"https:\/\/cafe-merlinos.de\/index.php?rest_route=\/wp\/v2\/users\/1"}],"replies":[{"embeddable":true,"href":"https:\/\/cafe-merlinos.de\/index.php?rest_route=%2Fwp%2Fv2%2Fcomments&post=86"}],"version-history":[{"count":11,"href":"https:\/\/cafe-merlinos.de\/index.php?rest_route=\/wp\/v2\/pages\/86\/revisions"}],"predecessor-version":[{"id":233,"href":"https:\/\/cafe-merlinos.de\/index.php?rest_route=\/wp\/v2\/pages\/86\/revisions\/233"}],"wp:attachment":[{"href":"https:\/\/cafe-merlinos.de\/index.php?rest_route=%2Fwp%2Fv2%2Fmedia&parent=86"}],"curies":[{"name":"wp","href":"https:\/\/api.w.org\/{rel}","templated":true}]}}