{"id":15,"date":"2022-10-08T11:53:48","date_gmt":"2022-10-08T11:53:48","guid":{"rendered":"https:\/\/cafe-merlinos.de\/Merlinos\/?page_id=15"},"modified":"2024-12-01T12:05:59","modified_gmt":"2024-12-01T12:05:59","slug":"willkommen","status":"publish","type":"page","link":"https:\/\/cafe-merlinos.de\/","title":{"rendered":"Willkommen"},"content":{"rendered":"<div id='layer_slider_1'  class='avia-layerslider main_color avia-shadow  avia-builder-el-0  el_before_av_textblock  avia-builder-el-first  container_wrap sidebar_right' style='  height: 461px;' ><\/div><div id='after_layer_slider_1'  class='main_color av_default_container_wrap container_wrap sidebar_right' style=' '  ><div class='container' ><div class='template-page content  av-content-small alpha units'><div class='post-entry post-entry-type-page post-entry-15'><div class='entry-content-wrapper clearfix'>\n<section class=\"av_textblock_section \"  itemscope=\"itemscope\" itemtype=\"https:\/\/schema.org\/CreativeWork\" ><div class='avia_textblock  '  style='font-size:20px; '  itemprop=\"text\" ><p style=\"text-align: center;\">Herzlich Willkommen auf unserer Homepage.<\/p>\n<\/div><\/section>\n<div class=\"flex_column av_one_half  flex_column_div av-zero-column-padding first  avia-builder-el-2  el_after_av_textblock  el_before_av_one_half  column-top-margin\" style='border-radius:0px; '><section class=\"av_textblock_section \"  itemscope=\"itemscope\" itemtype=\"https:\/\/schema.org\/CreativeWork\" ><div class='avia_textblock  '  style='font-size:16px; '  itemprop=\"text\" ><p>Das gem\u00fctliche Caf\u00e9\/Bistro mit Selbstbedienung und Biergarten im Au\u00dfenbereich bietet f\u00fcr Patienten sowie G\u00e4ste von au\u00dferhalb kleine herzhafte Gerichte, Kaffeespezialit\u00e4ten, Kuchen und Torten.<\/p>\n<p>Die Zutaten kommen dabei, nach M\u00f6glichkeit, aus der Region. So stammt die Wurst f\u00fcr das derzeit beliebteste Gericht \u2013 die Odenw\u00e4lder Bratwurstscheibe \u2013 von Dieters Wurstladen aus L\u00fctzelbach.<\/p>\n<p>Au\u00dferdem gibt es unter anderem\u00a0 Rindswurst, Bockwurst und t\u00e4glich wechselnde Snacks.<br \/>\nAn Getr\u00e4nken werden z. B. Apfelwein, verschiedene Biersorten, Softdrinks und die neue Green Cola, die ausdr\u00fccklich f\u00fcr Diabetiker geeignet ist, angeboten. Nat\u00fcrlich sind auch verschiedene hei\u00dfe Getr\u00e4nke im Sortiment vorhanden. Biermischgetr\u00e4nke und Weinschorlen sind gek\u00fchlt erh\u00e4ltlich.<\/p>\n<p>Das Eis kommt regional vom Bauernhof Rettig in Breitenwiesen. Eine kleine Auswahl an Zeitschriften und Hygieneartikeln gibt es in den R\u00e4umlichkeiten. Im Shop sind eine Auswahl von Schokoriegeln, Geb\u00e4cken, Gummib\u00e4rchen und salzigen Knabbereien vorhanden. Zus\u00e4tzlich ist eine Tabakwaren-Auswahl verf\u00fcgbar.<\/p>\n<p>Die Innenr\u00e4ume sind Nichtraucherr\u00e4ume. Es gibt auch einen \u00fcberdachten Raucherhotspot im Freien.<\/p>\n<p>Des Weiteren steht ein freies WLAN-Netz f\u00fcr Jedermann zur Verf\u00fcgung.<\/p>\n<p style=\"text-align: center;\">\u00d6ffnungszeiten:<br \/>\nMontag &#8211; Sonntag<br \/>\n10:00 \u2013 18:00 Uhr<\/p>\n<p style=\"text-align: center;\">bei Events und gut besuchtem Caf\u00e9 haben wir bis 22 Uhr ge\u00f6ffnet.<\/p>\n<\/div><\/section><\/div><div class=\"flex_column av_one_half  flex_column_div   avia-builder-el-4  el_after_av_one_half  avia-builder-el-last  column-top-margin\" style='padding:30px; border-radius:0px; '><div  class='avia-image-container avia_animated_image avia_animate_when_almost_visible right-to-left av-styling-circle av-hover-grow av-hide-overflow   avia-builder-el-5  avia-builder-el-no-sibling  avia-align-center '  itemprop=\"image\" itemscope=\"itemscope\" itemtype=\"https:\/\/schema.org\/ImageObject\"  ><div class='avia-image-container-inner'><div class='avia-image-overlay-wrap'><img loading=\"lazy\" decoding=\"async\" class='wp-image-26 avia_image' src=\"https:\/\/cafe-merlinos.de\/wp-content\/uploads\/2022\/10\/Cafe-Merlinos-495x400.jpg\" alt='' title='' height=\"400\" width=\"495\"  itemprop=\"thumbnailUrl\" srcset=\"https:\/\/cafe-merlinos.de\/wp-content\/uploads\/2022\/10\/Cafe-Merlinos-495x400.jpg 495w, https:\/\/cafe-merlinos.de\/wp-content\/uploads\/2022\/10\/Cafe-Merlinos-845x684.jpg 845w\" sizes=\"auto, (max-width: 495px) 100vw, 495px\" \/><\/div><\/div><\/div><\/div><\/p>\n","protected":false},"excerpt":{"rendered":"","protected":false},"author":1,"featured_media":0,"parent":0,"menu_order":0,"comment_status":"closed","ping_status":"closed","template":"","meta":{"footnotes":""},"class_list":["post-15","page","type-page","status-publish","hentry"],"_links":{"self":[{"href":"https:\/\/cafe-merlinos.de\/index.php?rest_route=\/wp\/v2\/pages\/15","targetHints":{"allow":["GET"]}}],"collection":[{"href":"https:\/\/cafe-merlinos.de\/index.php?rest_route=\/wp\/v2\/pages"}],"about":[{"href":"https:\/\/cafe-merlinos.de\/index.php?rest_route=\/wp\/v2\/types\/page"}],"author":[{"embeddable":true,"href":"https:\/\/cafe-merlinos.de\/index.php?rest_route=\/wp\/v2\/users\/1"}],"replies":[{"embeddable":true,"href":"https:\/\/cafe-merlinos.de\/index.php?rest_route=%2Fwp%2Fv2%2Fcomments&post=15"}],"version-history":[{"count":26,"href":"https:\/\/cafe-merlinos.de\/index.php?rest_route=\/wp\/v2\/pages\/15\/revisions"}],"predecessor-version":[{"id":237,"href":"https:\/\/cafe-merlinos.de\/index.php?rest_route=\/wp\/v2\/pages\/15\/revisions\/237"}],"wp:attachment":[{"href":"https:\/\/cafe-merlinos.de\/index.php?rest_route=%2Fwp%2Fv2%2Fmedia&parent=15"}],"curies":[{"name":"wp","href":"https:\/\/api.w.org\/{rel}","templated":true}]}}